{"id":11,"date":"2023-12-12T21:31:17","date_gmt":"2023-12-13T00:31:17","guid":{"rendered":"https:\/\/softwareplay.site\/marlymodas\/index.php\/carrinho\/"},"modified":"2023-12-13T21:40:54","modified_gmt":"2023-12-14T00:40:54","slug":"carrinho","status":"publish","type":"page","link":"https:\/\/marlymodasloja.com.br\/index.php\/carrinho\/","title":{"rendered":"Carrinho"},"content":{"rendered":"\t\t<div data-elementor-type=\"wp-page\" data-elementor-id=\"11\" class=\"elementor elementor-11\" data-elementor-post-type=\"page\">\n\t\t\t\t<div class=\"elementor-element elementor-element-47a813bd e-flex e-con-boxed e-con e-parent\" data-id=\"47a813bd\" data-element_type=\"container\">\n\t\t\t\t\t<div class=\"e-con-inner\">\n\t\t\t\t\t<\/div>\n\t\t\t\t<\/div>\n\t\t\t\t<\/div>\n\t\t","protected":false},"excerpt":{"rendered":"<p>Remover item Imagem de miniatura Produto Pre\u00e7o Quantidade Subtotal &times; \u00d3culos solar Buzios &#82;&#36;129,90 \u00d3culos solar Buzios quantidade &#82;&#36;129,90 Atualizar carrinho Aplicar cupom Totais do Carrinho Subtotal &#82;&#36;129,90 Total &#82;&#36;129,90 Finalizar compra<\/p>\n","protected":false},"author":1,"featured_media":0,"parent":0,"menu_order":0,"comment_status":"closed","ping_status":"closed","template":"","meta":{"footnotes":""},"class_list":["post-11","page","type-page","status-publish","hentry"],"yoast_head":"<!-- This site is optimized with the Yoast SEO plugin v24.1 - https:\/\/yoast.com\/wordpress\/plugins\/seo\/ -->\n<title>Carrinho - Marly Modas<\/title>\n<meta name=\"robots\" content=\"index, follow, max-snippet:-1, max-image-preview:large, max-video-preview:-1\" \/>\n<link rel=\"canonical\" href=\"https:\/\/marlymodasloja.com.br\/index.php\/carrinho\/\" \/>\n<meta property=\"og:locale\" content=\"pt_BR\" \/>\n<meta property=\"og:type\" content=\"article\" \/>\n<meta property=\"og:title\" content=\"Carrinho - Marly Modas\" \/>\n<meta property=\"og:description\" content=\"Remover item Imagem de miniatura Produto Pre\u00e7o Quantidade Subtotal &times; \u00d3culos solar Buzios &#082;&#036;129,90 \u00d3culos solar Buzios quantidade &#082;&#036;129,90 Atualizar carrinho Aplicar cupom Totais do Carrinho Subtotal &#082;&#036;129,90 Total &#082;&#036;129,90 Finalizar compra\" \/>\n<meta property=\"og:url\" content=\"https:\/\/marlymodasloja.com.br\/index.php\/carrinho\/\" \/>\n<meta property=\"og:site_name\" content=\"Marly Modas\" \/>\n<meta property=\"article:modified_time\" content=\"2023-12-14T00:40:54+00:00\" \/>\n<meta property=\"og:image\" content=\"https:\/\/marlymodasloja.com.br\/wp-content\/uploads\/2023\/12\/25-500x625.png\" \/>\n<meta name=\"twitter:card\" content=\"summary_large_image\" \/>\n<script type=\"application\/ld+json\" class=\"yoast-schema-graph\">{\"@context\":\"https:\/\/schema.org\",\"@graph\":[{\"@type\":\"WebPage\",\"@id\":\"https:\/\/marlymodasloja.com.br\/index.php\/carrinho\/\",\"url\":\"https:\/\/marlymodasloja.com.br\/index.php\/carrinho\/\",\"name\":\"Carrinho - Marly Modas\",\"isPartOf\":{\"@id\":\"https:\/\/marlymodasloja.com.br\/#website\"},\"primaryImageOfPage\":{\"@id\":\"https:\/\/marlymodasloja.com.br\/index.php\/carrinho\/#primaryimage\"},\"image\":{\"@id\":\"https:\/\/marlymodasloja.com.br\/index.php\/carrinho\/#primaryimage\"},\"thumbnailUrl\":\"https:\/\/marlymodasloja.com.br\/wp-content\/uploads\/2023\/12\/25-500x625.png\",\"datePublished\":\"2023-12-13T00:31:17+00:00\",\"dateModified\":\"2023-12-14T00:40:54+00:00\",\"breadcrumb\":{\"@id\":\"https:\/\/marlymodasloja.com.br\/index.php\/carrinho\/#breadcrumb\"},\"inLanguage\":\"pt-BR\",\"potentialAction\":[{\"@type\":\"ReadAction\",\"target\":[\"https:\/\/marlymodasloja.com.br\/index.php\/carrinho\/\"]}]},{\"@type\":\"ImageObject\",\"inLanguage\":\"pt-BR\",\"@id\":\"https:\/\/marlymodasloja.com.br\/index.php\/carrinho\/#primaryimage\",\"url\":\"https:\/\/marlymodasloja.com.br\/wp-content\/uploads\/2023\/12\/25-500x625.png\",\"contentUrl\":\"https:\/\/marlymodasloja.com.br\/wp-content\/uploads\/2023\/12\/25-500x625.png\"},{\"@type\":\"BreadcrumbList\",\"@id\":\"https:\/\/marlymodasloja.com.br\/index.php\/carrinho\/#breadcrumb\",\"itemListElement\":[{\"@type\":\"ListItem\",\"position\":1,\"name\":\"In\u00edcio\",\"item\":\"https:\/\/marlymodasloja.com.br\/\"},{\"@type\":\"ListItem\",\"position\":2,\"name\":\"Carrinho\"}]},{\"@type\":\"WebSite\",\"@id\":\"https:\/\/marlymodasloja.com.br\/#website\",\"url\":\"https:\/\/marlymodasloja.com.br\/\",\"name\":\"Marly Modas\",\"description\":\"Descubra a eleg\u00e2ncia que define voc\u00ea na Marly ModasDescubra um mundo de vis\u00e3o n\u00edtida e estilo inigual\u00e1vel em nossa \u00f3tica. Nossos especialistas em vis\u00e3o est\u00e3o prontos para ajud\u00e1-lo a encontrar o par perfeito que complementa seu estilo de vida. Moda que reflete sua personalidade, estilo que cativa cora\u00e7\u00f5es\",\"publisher\":{\"@id\":\"https:\/\/marlymodasloja.com.br\/#organization\"},\"potentialAction\":[{\"@type\":\"SearchAction\",\"target\":{\"@type\":\"EntryPoint\",\"urlTemplate\":\"https:\/\/marlymodasloja.com.br\/?s={search_term_string}\"},\"query-input\":{\"@type\":\"PropertyValueSpecification\",\"valueRequired\":true,\"valueName\":\"search_term_string\"}}],\"inLanguage\":\"pt-BR\"},{\"@type\":\"Organization\",\"@id\":\"https:\/\/marlymodasloja.com.br\/#organization\",\"name\":\"Marly Modas\",\"url\":\"https:\/\/marlymodasloja.com.br\/\",\"logo\":{\"@type\":\"ImageObject\",\"inLanguage\":\"pt-BR\",\"@id\":\"https:\/\/marlymodasloja.com.br\/#\/schema\/logo\/image\/\",\"url\":\"https:\/\/marlymodasloja.com.br\/wp-content\/uploads\/2023\/12\/127427db-be4d-4284-8450-df7217439338.jpg\",\"contentUrl\":\"https:\/\/marlymodasloja.com.br\/wp-content\/uploads\/2023\/12\/127427db-be4d-4284-8450-df7217439338.jpg\",\"width\":1080,\"height\":1080,\"caption\":\"Marly Modas\"},\"image\":{\"@id\":\"https:\/\/marlymodasloja.com.br\/#\/schema\/logo\/image\/\"}}]}<\/script>\n<!-- \/ Yoast SEO plugin. -->","yoast_head_json":{"title":"Carrinho - Marly Modas","robots":{"index":"index","follow":"follow","max-snippet":"max-snippet:-1","max-image-preview":"max-image-preview:large","max-video-preview":"max-video-preview:-1"},"canonical":"https:\/\/marlymodasloja.com.br\/index.php\/carrinho\/","og_locale":"pt_BR","og_type":"article","og_title":"Carrinho - Marly Modas","og_description":"Remover item Imagem de miniatura Produto Pre\u00e7o Quantidade Subtotal &times; \u00d3culos solar Buzios &#82;&#36;129,90 \u00d3culos solar Buzios quantidade &#82;&#36;129,90 Atualizar carrinho Aplicar cupom Totais do Carrinho Subtotal &#82;&#36;129,90 Total &#82;&#36;129,90 Finalizar compra","og_url":"https:\/\/marlymodasloja.com.br\/index.php\/carrinho\/","og_site_name":"Marly Modas","article_modified_time":"2023-12-14T00:40:54+00:00","og_image":[{"url":"https:\/\/marlymodasloja.com.br\/wp-content\/uploads\/2023\/12\/25-500x625.png","type":"","width":"","height":""}],"twitter_card":"summary_large_image","schema":{"@context":"https:\/\/schema.org","@graph":[{"@type":"WebPage","@id":"https:\/\/marlymodasloja.com.br\/index.php\/carrinho\/","url":"https:\/\/marlymodasloja.com.br\/index.php\/carrinho\/","name":"Carrinho - Marly Modas","isPartOf":{"@id":"https:\/\/marlymodasloja.com.br\/#website"},"primaryImageOfPage":{"@id":"https:\/\/marlymodasloja.com.br\/index.php\/carrinho\/#primaryimage"},"image":{"@id":"https:\/\/marlymodasloja.com.br\/index.php\/carrinho\/#primaryimage"},"thumbnailUrl":"https:\/\/marlymodasloja.com.br\/wp-content\/uploads\/2023\/12\/25-500x625.png","datePublished":"2023-12-13T00:31:17+00:00","dateModified":"2023-12-14T00:40:54+00:00","breadcrumb":{"@id":"https:\/\/marlymodasloja.com.br\/index.php\/carrinho\/#breadcrumb"},"inLanguage":"pt-BR","potentialAction":[{"@type":"ReadAction","target":["https:\/\/marlymodasloja.com.br\/index.php\/carrinho\/"]}]},{"@type":"ImageObject","inLanguage":"pt-BR","@id":"https:\/\/marlymodasloja.com.br\/index.php\/carrinho\/#primaryimage","url":"https:\/\/marlymodasloja.com.br\/wp-content\/uploads\/2023\/12\/25-500x625.png","contentUrl":"https:\/\/marlymodasloja.com.br\/wp-content\/uploads\/2023\/12\/25-500x625.png"},{"@type":"BreadcrumbList","@id":"https:\/\/marlymodasloja.com.br\/index.php\/carrinho\/#breadcrumb","itemListElement":[{"@type":"ListItem","position":1,"name":"In\u00edcio","item":"https:\/\/marlymodasloja.com.br\/"},{"@type":"ListItem","position":2,"name":"Carrinho"}]},{"@type":"WebSite","@id":"https:\/\/marlymodasloja.com.br\/#website","url":"https:\/\/marlymodasloja.com.br\/","name":"Marly Modas","description":"Descubra a eleg\u00e2ncia que define voc\u00ea na Marly ModasDescubra um mundo de vis\u00e3o n\u00edtida e estilo inigual\u00e1vel em nossa \u00f3tica. Nossos especialistas em vis\u00e3o est\u00e3o prontos para ajud\u00e1-lo a encontrar o par perfeito que complementa seu estilo de vida. Moda que reflete sua personalidade, estilo que cativa cora\u00e7\u00f5es","publisher":{"@id":"https:\/\/marlymodasloja.com.br\/#organization"},"potentialAction":[{"@type":"SearchAction","target":{"@type":"EntryPoint","urlTemplate":"https:\/\/marlymodasloja.com.br\/?s={search_term_string}"},"query-input":{"@type":"PropertyValueSpecification","valueRequired":true,"valueName":"search_term_string"}}],"inLanguage":"pt-BR"},{"@type":"Organization","@id":"https:\/\/marlymodasloja.com.br\/#organization","name":"Marly Modas","url":"https:\/\/marlymodasloja.com.br\/","logo":{"@type":"ImageObject","inLanguage":"pt-BR","@id":"https:\/\/marlymodasloja.com.br\/#\/schema\/logo\/image\/","url":"https:\/\/marlymodasloja.com.br\/wp-content\/uploads\/2023\/12\/127427db-be4d-4284-8450-df7217439338.jpg","contentUrl":"https:\/\/marlymodasloja.com.br\/wp-content\/uploads\/2023\/12\/127427db-be4d-4284-8450-df7217439338.jpg","width":1080,"height":1080,"caption":"Marly Modas"},"image":{"@id":"https:\/\/marlymodasloja.com.br\/#\/schema\/logo\/image\/"}}]}},"jetpack_sharing_enabled":true,"_links":{"self":[{"href":"https:\/\/marlymodasloja.com.br\/index.php\/wp-json\/wp\/v2\/pages\/11","targetHints":{"allow":["GET"]}}],"collection":[{"href":"https:\/\/marlymodasloja.com.br\/index.php\/wp-json\/wp\/v2\/pages"}],"about":[{"href":"https:\/\/marlymodasloja.com.br\/index.php\/wp-json\/wp\/v2\/types\/page"}],"author":[{"embeddable":true,"href":"https:\/\/marlymodasloja.com.br\/index.php\/wp-json\/wp\/v2\/users\/1"}],"replies":[{"embeddable":true,"href":"https:\/\/marlymodasloja.com.br\/index.php\/wp-json\/wp\/v2\/comments?post=11"}],"version-history":[{"count":6,"href":"https:\/\/marlymodasloja.com.br\/index.php\/wp-json\/wp\/v2\/pages\/11\/revisions"}],"predecessor-version":[{"id":293,"href":"https:\/\/marlymodasloja.com.br\/index.php\/wp-json\/wp\/v2\/pages\/11\/revisions\/293"}],"wp:attachment":[{"href":"https:\/\/marlymodasloja.com.br\/index.php\/wp-json\/wp\/v2\/media?parent=11"}],"curies":[{"name":"wp","href":"https:\/\/api.w.org\/{rel}","templated":true}]}}